{"id":3895,"date":"2019-12-29T19:18:20","date_gmt":"2019-12-29T18:18:20","guid":{"rendered":"http:\/\/www.welpen.schoko-toffees.com\/?page_id=3895"},"modified":"2026-01-07T15:07:52","modified_gmt":"2026-01-07T14:07:52","slug":"das-wesen","status":"publish","type":"page","link":"http:\/\/welpen.schoko-toffees.com\/?page_id=3895","title":{"rendered":"Das Wesen"},"content":{"rendered":"<p>&nbsp;<\/p>\n<p><strong>Cocker Spaniel sind ideale Begleiter!<\/strong><\/p>\n<p style=\"text-align: left;\">Sie sind immer fr\u00f6hlich und diese Fr\u00f6hlichkeit sieht man ihnen auch an! Au\u00dfer ihrem immer fr\u00f6hlich wedelnden Schwanz, ist immer gleich der ganze Cocker in freudiger Bewegung.<\/p>\n<p style=\"text-align: left;\">Ihre Aufgewecktheit und Intelligenz, gepaart mit einem starken Charakter sind ihre St\u00e4rken, machen die Erziehung aber nicht immer ganz leicht.<\/p>\n<p style=\"text-align: left;\">Als urspr\u00fcnglich zur Jagd gez\u00fcchteter Hund geh\u00f6rte das Aufst\u00f6bern und Apportieren der erlegten Tiere zu seinen Aufgaben. Auch heute noch werden die Cocker Spaniel, in geringem Umfang, jagdlich genutzt.<\/p>\n<p style=\"text-align: left;\">Das Apportieren wird dem Cocker also quasi in die Wiege gelegt. Kaum ein Hund tr\u00e4gt seine &#8222;Beute&#8220; so gerne in der Schnauze mit sich herum. Darum sind Apportierspiele mit einem Ball, oder auch einem Dummy sehr beliebt.<\/p>\n<p><img loading=\"lazy\" decoding=\"async\" class=\"wp-image-3989 alignleft\" src=\"http:\/\/www.welpen.schoko-toffees.com\/wp-content\/uploads\/2020\/01\/Fefe-300x201.jpg\" alt=\"\" width=\"228\" height=\"153\" srcset=\"https:\/\/welpen.schoko-toffees.com\/wp-content\/uploads\/2020\/01\/Fefe-300x201.jpg 300w, https:\/\/welpen.schoko-toffees.com\/wp-content\/uploads\/2020\/01\/Fefe-1024x685.jpg 1024w, https:\/\/welpen.schoko-toffees.com\/wp-content\/uploads\/2020\/01\/Fefe-1536x1028.jpg 1536w, https:\/\/welpen.schoko-toffees.com\/wp-content\/uploads\/2020\/01\/Fefe-2048x1371.jpg 2048w\" sizes=\"auto, (max-width: 228px) 100vw, 228px\" \/><\/p>\n<p><img loading=\"lazy\" decoding=\"async\" class=\"wp-image-3990 alignleft\" src=\"http:\/\/www.welpen.schoko-toffees.com\/wp-content\/uploads\/2020\/01\/DSCF31651-300x225.jpg\" alt=\"\" width=\"203\" height=\"152\" srcset=\"https:\/\/welpen.schoko-toffees.com\/wp-content\/uploads\/2020\/01\/DSCF31651-300x225.jpg 300w, https:\/\/welpen.schoko-toffees.com\/wp-content\/uploads\/2020\/01\/DSCF31651.jpg 640w\" sizes=\"auto, (max-width: 203px) 100vw, 203px\" \/><\/p>\n<p>&nbsp;<\/p>\n<p style=\"text-align: left;\">Der Cocker Spaniel liebt das Wasser und ist ein begeisterter Schwimmer, der auch durch stark bewachsenen Uferb\u00f6schungen nicht vom Wasser fern zu halten ist.<\/p>\n<p style=\"text-align: left;\">Cocker Spaniel sind keine Stubenhocker! Sie wollen geistig gefordert werden und wollen arbeiten, am liebsten drau\u00dfen in der Natur.<\/p>\n<p style=\"text-align: left;\">Im Haus ist der Cocker, wenn er ausgelastet ist, ein liebevolles, schmusiges und ruhiges Familienmitglied, das gerne mit seiner Familie, seinem Rudel, zusammen ist.<\/p>\n<p style=\"text-align: left;\">F\u00fcr den Cocker Spaniel gibt es nichts Schlimmeres als h\u00e4ufiges Alleinsein. Er folgt seiner Familie am liebsten auf Schritt und Tritt, egal wohin, hauptsache er ist dabei!<\/p>\n<p>&nbsp;<\/p>\n","protected":false},"excerpt":{"rendered":"<p>&nbsp; Cocker Spaniel sind ideale Begleiter! Sie sind immer fr\u00f6hlich und diese Fr\u00f6hlichkeit sieht man ihnen auch an! Au\u00dfer ihrem immer fr\u00f6hlich wedelnden Schwanz, ist immer gleich der ganze Cocker in freudiger Bewegung. Ihre Aufgewecktheit und Intelligenz, gepaart mit einem starken Charakter sind ihre St\u00e4rken, machen die Erziehung aber nicht immer ganz leicht. Als urspr\u00fcnglich [&hellip;]<\/p>\n","protected":false},"author":17,"featured_media":0,"parent":0,"menu_order":0,"comment_status":"closed","ping_status":"closed","template":"","meta":{"footnotes":""},"class_list":["post-3895","page","type-page","status-publish","hentry"],"_links":{"self":[{"href":"http:\/\/welpen.schoko-toffees.com\/index.php?rest_route=\/wp\/v2\/pages\/3895","targetHints":{"allow":["GET"]}}],"collection":[{"href":"http:\/\/welpen.schoko-toffees.com\/index.php?rest_route=\/wp\/v2\/pages"}],"about":[{"href":"http:\/\/welpen.schoko-toffees.com\/index.php?rest_route=\/wp\/v2\/types\/page"}],"author":[{"embeddable":true,"href":"http:\/\/welpen.schoko-toffees.com\/index.php?rest_route=\/wp\/v2\/users\/17"}],"replies":[{"embeddable":true,"href":"http:\/\/welpen.schoko-toffees.com\/index.php?rest_route=%2Fwp%2Fv2%2Fcomments&post=3895"}],"version-history":[{"count":6,"href":"http:\/\/welpen.schoko-toffees.com\/index.php?rest_route=\/wp\/v2\/pages\/3895\/revisions"}],"predecessor-version":[{"id":5526,"href":"http:\/\/welpen.schoko-toffees.com\/index.php?rest_route=\/wp\/v2\/pages\/3895\/revisions\/5526"}],"wp:attachment":[{"href":"http:\/\/welpen.schoko-toffees.com\/index.php?rest_route=%2Fwp%2Fv2%2Fmedia&parent=3895"}],"curies":[{"name":"wp","href":"https:\/\/api.w.org\/{rel}","templated":true}]}}