{"id":3805,"date":"2019-12-29T09:20:30","date_gmt":"2019-12-29T08:20:30","guid":{"rendered":"http:\/\/www.welpen.schoko-toffees.com\/?page_id=3805"},"modified":"2026-01-08T15:30:17","modified_gmt":"2026-01-08T14:30:17","slug":"wer-sind-wir","status":"publish","type":"page","link":"https:\/\/welpen.schoko-toffees.com\/?page_id=3805","title":{"rendered":"Wer sind wir"},"content":{"rendered":"<div data-colibri-id=\"3805-c1\" class=\"style-231 style-local-3805-c1 position-relative\">\n  <!---->\n  <div data-colibri-component=\"section\" data-colibri-id=\"3805-c2\" id=\"initial-content\" class=\"h-section h-section-global-spacing d-flex align-items-lg-center align-items-md-center align-items-center style-232 style-local-3805-c2 position-relative\">\n    <!---->\n    <!---->\n    <div class=\"h-section-grid-container h-section-boxed-container\">\n      <!---->\n      <div data-colibri-id=\"3805-c3\" class=\"h-row-container gutters-row-lg-2 gutters-row-md-2 gutters-row-0 gutters-row-v-lg-2 gutters-row-v-md-2 gutters-row-v-2 style-233 style-local-3805-c3 position-relative\">\n        <!---->\n        <div class=\"h-row justify-content-lg-center justify-content-md-center justify-content-center align-items-lg-stretch align-items-md-stretch align-items-stretch gutters-col-lg-2 gutters-col-md-2 gutters-col-0 gutters-col-v-lg-2 gutters-col-v-md-2 gutters-col-v-2\">\n          <!---->\n          <div class=\"h-column h-column-container d-flex h-col-lg-auto h-col-md-auto h-col-auto style-234-outer style-local-3805-c4-outer\">\n            <div data-colibri-id=\"3805-c4\" class=\"d-flex h-flex-basis h-column__inner h-px-lg-2 h-px-md-2 h-px-2 v-inner-lg-2 v-inner-md-2 v-inner-2 style-234 style-local-3805-c4 position-relative\">\n              <!---->\n              <!---->\n              <div class=\"w-100 h-y-container h-column__content h-column__v-align flex-basis-100 align-self-lg-start align-self-md-start align-self-start\">\n                <!---->\n                <div data-colibri-id=\"3805-c5\" class=\"style-235 style-local-3805-c5 position-relative h-element\">\n                  <!---->\n                  <div>\n                    <div class=\"item-page\">\n                      <article class=\"art-post\">\n                        <div class=\"art-postcontent clearfix\">\n                          <div class=\"art-article\">\n                            <p style=\"text-align: center;\">Wir, das ist die Familie Hersebrock aus Aurich\/Ihlow.<\/p>\n                            <p style=\"text-align: center;\">Seit 1975 bin ich, Claudia, dem Cocker-Virus verfallen. Angefangen hat es mit Bobby (Otto vom Walhallablick), einem blauschimmel Cockerr\u00fcden, der in meiner Kindheit in unsere Familie kam. Bobby war ein typischer Cocker. Immer\n                              fr\u00f6hlich, immer f\u00fcr eine Schmuserunde zu haben und konnte keiner Fliege etwas zuleide tun. Bobbys gr\u00f6\u00dftes Hobby war Fu\u00dfballspielen. Er konnte den Ball mit der Nase bis ins Tor f\u00fchren und war damals der Star im Rothebach.<\/p>\n                            <img loading=\"lazy\" decoding=\"async\" class=\"aligncenter  wp-image-4219\" src=\"https:\/\/welpen.schoko-toffees.com\/wp-content\/uploads\/2020\/07\/bobbyclaudia.png\" alt=\"\" width=\"191\" height=\"276\" srcset=\"https:\/\/welpen.schoko-toffees.com\/wp-content\/uploads\/2020\/07\/bobbyclaudia.png 681w, https:\/\/welpen.schoko-toffees.com\/wp-content\/uploads\/2020\/07\/bobbyclaudia-207x300.png 207w\" sizes=\"auto, (max-width: 191px) 100vw, 191px\" \/>\n                            <p style=\"text-align: center;\">&nbsp;<\/p>\n                            <p style=\"text-align: center;\">Als ich meinen Mann, Michael, kennen lernte war auch er schnell dem Cockervirus verfallen und einer der schlimmsten Tage in meinem bisherigen Leben war, als Bobby mit fast 13 Jahren eingeschl\u00e4fert werden musste.<\/p>\n                            <p style=\"text-align: center;\">Uns war immer klar, irgendwann wird wieder ein Cocker bei uns einziehen. Und im August 2004 war es dann soweit: Felix kam, sah und siegte. Mein B\u00e4rchen kam auf Umwegen zu uns, aber das lest Ihr am besten in seiner Vorstellung.<\/p>\n                            <p style=\"text-align: center;\">Im September 2008 habe ich dann Paula gesehen. Einen kleinen braunen Welpen, der im Zwinger &#8222;vom Tannenkamp&#8220;, bei Familie Habbes, geboren worden war. Sie sollte unsere Familie komplettieren.<\/p>\n                            <p style=\"text-align: center;\">Schon seid Felix zu uns gekommen war besch\u00e4ftigte mich der Gedanke selber Cocker Spaniel zu z\u00fcchten. Mit Paula haben wir die Grundlage f\u00fcr unseren Zucht gelegt.<\/p>\n\n                            <h4 style=\"text-align: center;\">Und so ist im Jahr 2011 der erste Wurf in der Zuchtst\u00e4tte:<\/h4>\n                            <h4 style=\"text-align: center;\">Schoko-Toffees<\/h4>\n                            <h4 style=\"text-align: center;\">gefallen!<\/h4>\n                          <\/div>\n                        <\/div>\n                      <\/article>\n                    <\/div>\n                  <\/div>\n                <\/div>\n              <\/div>\n            <\/div>\n          <\/div>\n        <\/div>\n      <\/div>\n    <\/div>\n  <\/div>\n<\/div>","protected":false},"excerpt":{"rendered":"<p>Wir, das ist die Familie Hersebrock aus Aurich\/Ihlow. Seit 1975 bin ich, Claudia, dem Cocker-Virus verfallen. Angefangen hat es mit Bobby (Otto vom Walhallablick), einem blauschimmel Cockerr\u00fcden, der in meiner Kindheit in unsere Familie kam. Bobby war ein typischer Cocker. Immer fr\u00f6hlich, immer f\u00fcr eine Schmuserunde zu haben und konnte keiner Fliege etwas zuleide tun. [&hellip;]<\/p>\n","protected":false},"author":17,"featured_media":0,"parent":0,"menu_order":0,"comment_status":"closed","ping_status":"closed","template":"page-templates\/full-width-page.php","meta":{"footnotes":""},"class_list":["post-3805","page","type-page","status-publish","hentry"],"_links":{"self":[{"href":"https:\/\/welpen.schoko-toffees.com\/index.php?rest_route=\/wp\/v2\/pages\/3805","targetHints":{"allow":["GET"]}}],"collection":[{"href":"https:\/\/welpen.schoko-toffees.com\/index.php?rest_route=\/wp\/v2\/pages"}],"about":[{"href":"https:\/\/welpen.schoko-toffees.com\/index.php?rest_route=\/wp\/v2\/types\/page"}],"author":[{"embeddable":true,"href":"https:\/\/welpen.schoko-toffees.com\/index.php?rest_route=\/wp\/v2\/users\/17"}],"replies":[{"embeddable":true,"href":"https:\/\/welpen.schoko-toffees.com\/index.php?rest_route=%2Fwp%2Fv2%2Fcomments&post=3805"}],"version-history":[{"count":7,"href":"https:\/\/welpen.schoko-toffees.com\/index.php?rest_route=\/wp\/v2\/pages\/3805\/revisions"}],"predecessor-version":[{"id":5799,"href":"https:\/\/welpen.schoko-toffees.com\/index.php?rest_route=\/wp\/v2\/pages\/3805\/revisions\/5799"}],"wp:attachment":[{"href":"https:\/\/welpen.schoko-toffees.com\/index.php?rest_route=%2Fwp%2Fv2%2Fmedia&parent=3805"}],"curies":[{"name":"wp","href":"https:\/\/api.w.org\/{rel}","templated":true}]}}