{"id":3877,"date":"2019-12-29T18:35:50","date_gmt":"2019-12-29T17:35:50","guid":{"rendered":"http:\/\/www.welpen.schoko-toffees.com\/?page_id=3877"},"modified":"2026-03-24T17:10:23","modified_gmt":"2026-03-24T16:10:23","slug":"geplante-wuerfe","status":"publish","type":"page","link":"https:\/\/welpen.schoko-toffees.com\/?page_id=3877","title":{"rendered":"geplante W\u00fcrfe"},"content":{"rendered":"<div data-colibri-id=\"3877-c1\" class=\"style-237 style-local-3877-c1 position-relative\">\n  <!---->\n  <div data-colibri-component=\"section\" data-colibri-id=\"3877-c2\" id=\"overlappable\" class=\"h-section h-section-global-spacing d-flex align-items-lg-center align-items-md-center align-items-center style-242 style-local-3877-c2 position-relative\">\n    <!---->\n    <!---->\n    <div class=\"h-section-grid-container h-section-boxed-container\">\n      <!---->\n      <div data-colibri-id=\"3877-c3\" class=\"h-row-container gutters-row-lg-2 gutters-row-md-2 gutters-row-0 gutters-row-v-lg-2 gutters-row-v-md-2 gutters-row-v-2 style-250 style-local-3877-c3 position-relative\">\n        <!---->\n        <div class=\"h-row justify-content-lg-center justify-content-md-center justify-content-center align-items-lg-stretch align-items-md-stretch align-items-stretch gutters-col-lg-2 gutters-col-md-2 gutters-col-0 gutters-col-v-lg-2 gutters-col-v-md-2 gutters-col-v-2\">\n          <!---->\n          <div class=\"h-column h-column-container d-flex h-col-lg-6 h-col-md-6 h-col-12 style-251-outer style-local-3877-c4-outer\">\n            <div data-colibri-id=\"3877-c4\" class=\"d-flex h-flex-basis h-column__inner h-ui-empty-state-container h-px-lg-2 h-px-md-2 h-px-2 v-inner-lg-2 v-inner-md-2 v-inner-2 style-251 style-local-3877-c4 position-relative\">\n              <!---->\n              <!---->\n              <div class=\"w-100 h-y-container h-column__content h-column__v-align flex-basis-100\">\n                <!---->\n              <\/div>\n            <\/div>\n          <\/div>\n          <div class=\"h-column h-column-container d-flex h-col-lg-6 h-col-md-6 h-col-12 style-252-outer style-local-3877-c5-outer\">\n            <div data-colibri-id=\"3877-c5\" class=\"d-flex h-flex-basis h-column__inner h-ui-empty-state-container h-px-lg-2 h-px-md-2 h-px-2 v-inner-lg-2 v-inner-md-2 v-inner-2 style-252 style-local-3877-c5 position-relative\">\n              <!---->\n              <!---->\n              <div class=\"w-100 h-y-container h-column__content h-column__v-align flex-basis-100\">\n                <!---->\n              <\/div>\n            <\/div>\n          <\/div>\n        <\/div>\n      <\/div>\n    <\/div>\n  <\/div>\n  <div data-colibri-component=\"section\" data-colibri-id=\"3877-c6\" id=\"about\" class=\"h-section h-section-global-spacing d-flex align-items-lg-center align-items-md-center align-items-center style-253 style-local-3877-c6 position-relative\">\n    <!---->\n    <!---->\n    <div class=\"h-section-grid-container h-section-boxed-container\">\n      <!---->\n      <div data-colibri-id=\"3877-c7\" class=\"h-row-container gutters-row-lg-0 gutters-row-md-0 gutters-row-0 gutters-row-v-lg-0 gutters-row-v-md-0 gutters-row-v-0 style-254 style-local-3877-c7 position-relative\">\n        <!---->\n        <div class=\"h-row justify-content-lg-center justify-content-md-center justify-content-center align-items-lg-stretch align-items-md-stretch align-items-stretch gutters-col-lg-0 gutters-col-md-0 gutters-col-0 gutters-col-v-lg-0 gutters-col-v-md-0 gutters-col-v-0\">\n          <!---->\n          <div class=\"h-column h-column-container d-flex h-col-lg-auto h-col-md-auto h-col-auto style-255-outer style-local-3877-c8-outer\">\n            <div data-colibri-id=\"3877-c8\" class=\"d-flex h-flex-basis h-column__inner h-px-lg-0 h-px-md-0 h-px-0 v-inner-lg-0 v-inner-md-0 v-inner-0 style-255 style-local-3877-c8 position-relative\">\n              <!---->\n              <!---->\n              <div class=\"w-100 h-y-container h-column__content h-column__v-align flex-basis-100 align-self-lg-start align-self-md-start align-self-start\">\n                <!---->\n                <div data-colibri-id=\"3877-c9\" class=\"h-global-transition-all h-heading style-256 style-local-3877-c9 position-relative h-element\">\n                  <!---->\n                  <div class=\"h-heading__outer style-256 style-local-3877-c9\">\n                    <!---->\n                    <!---->\n                    <h3 class=\"\">Lillis Welpen sind geboren!<\/h3>\n                  <\/div>\n                <\/div>\n                <div data-colibri-id=\"3877-c10\" class=\"h-global-transition-all h-heading style-257 style-local-3877-c10 position-relative h-element\">\n                  <!---->\n                  <div class=\"h-heading__outer style-257 style-local-3877-c10\">\n                    <!---->\n                    <!---->\n                    <h4 class=\"\">Wir freuen uns \u00fcber ein buntes Nest mit ein- und mehrfarbigen Welpen<\/h4>\n                  <\/div>\n                <\/div>\n              <\/div>\n            <\/div>\n          <\/div>\n          <div class=\"h-column h-column-container d-flex h-col-lg-auto h-col-md-auto h-col-auto style-259-outer style-local-3877-c11-outer\">\n            <div data-colibri-id=\"3877-c11\" class=\"d-flex h-flex-basis h-column__inner h-ui-empty-state-container h-px-lg-2 h-px-md-2 h-px-2 v-inner-lg-2 v-inner-md-2 v-inner-2 style-259 style-local-3877-c11 position-relative\">\n              <!---->\n              <!---->\n              <div class=\"w-100 h-y-container h-column__content h-column__v-align flex-basis-100\">\n                <!---->\n              <\/div>\n            <\/div>\n          <\/div>\n        <\/div>\n      <\/div>\n    <\/div>\n  <\/div>\n  <div data-colibri-component=\"section\" data-colibri-id=\"3877-c15\" id=\"overlappable-2\" class=\"h-section h-section-global-spacing d-flex align-items-lg-center align-items-md-center align-items-center style-563 style-local-3877-c15 position-relative\">\n    <!---->\n    <!---->\n    <div class=\"h-section-grid-container h-section-boxed-container\">\n      <!---->\n      <div data-colibri-id=\"3877-c16\" class=\"h-row-container gutters-row-lg-0 gutters-row-md-0 gutters-row-2 gutters-row-v-lg-0 gutters-row-v-md-0 gutters-row-v-2 style-564 style-local-3877-c16 position-relative\">\n        <!---->\n        <div class=\"h-row justify-content-lg-center justify-content-md-center justify-content-center align-items-lg-stretch align-items-md-stretch align-items-stretch gutters-col-lg-0 gutters-col-md-0 gutters-col-2 gutters-col-v-lg-0 gutters-col-v-md-0 gutters-col-v-2\">\n          <!---->\n          <div class=\"h-column h-column-container d-flex h-col-lg-3 h-col-md-3 h-col-12 style-565-outer style-local-3877-c17-outer\">\n            <div data-colibri-id=\"3877-c17\" class=\"d-flex h-flex-basis h-column__inner h-px-lg-3 h-px-md-3 h-px-2 v-inner-lg-3 v-inner-md-3 v-inner-2 style-565 style-local-3877-c17 position-relative\">\n              <!---->\n              <!---->\n              <div class=\"w-100 h-y-container h-column__content h-column__v-align flex-basis-100 align-self-lg-center align-self-md-center align-self-center\">\n                <!---->\n                <div data-colibri-id=\"3877-c18\" class=\"h-text h-text-component style-568 style-local-3877-c18 position-relative h-element\">\n                  <!---->\n                  <!---->\n                  <div class=\"\">\n                    <p>Wenn Sie Interesse an einem Welpen aus einem sp\u00e4teren Wurf (im Jahr 2027) haben, schreiben Sie uns bitte eine Email.<\/p>\n                  <\/div>\n                <\/div>\n              <\/div>\n            <\/div>\n          <\/div>\n          <div class=\"h-column h-column-container d-flex h-col-lg-3 h-col-md-3 h-col-12 style-565-outer style-local-3877-c19-outer\">\n            <div data-colibri-id=\"3877-c19\" class=\"d-flex h-flex-basis h-column__inner h-px-lg-3 h-px-md-3 h-px-2 v-inner-lg-3 v-inner-md-3 v-inner-2 style-565 style-local-3877-c19 position-relative\">\n              <!---->\n              <!---->\n              <div class=\"w-100 h-y-container h-column__content h-column__v-align flex-basis-100 align-self-lg-center align-self-md-center align-self-center\">\n                <!---->\n                <div data-colibri-id=\"3877-c20\" class=\"h-text h-text-component style-568 style-local-3877-c20 position-relative h-element\">\n                  <!---->\n                  <!---->\n                  <div class=\"\">\n                    <p>Erz\u00e4hlen Sie etwas \u00fcber sich, Ihre Familie, Ihre berufliche T\u00e4tigkeit und warum es ein Cocker Spaniel sein soll.<\/p>\n                  <\/div>\n                <\/div>\n              <\/div>\n            <\/div>\n          <\/div>\n          <div class=\"h-column h-column-container d-flex h-col-lg-3 h-col-md-3 h-col-12 style-565-outer style-local-3877-c21-outer\">\n            <div data-colibri-id=\"3877-c21\" class=\"d-flex h-flex-basis h-column__inner h-px-lg-3 h-px-md-3 h-px-2 v-inner-lg-3 v-inner-md-3 v-inner-2 style-565 style-local-3877-c21 position-relative\">\n              <!---->\n              <!---->\n              <div class=\"w-100 h-y-container h-column__content h-column__v-align flex-basis-100 align-self-lg-center align-self-md-center align-self-center\">\n                <!---->\n                <div data-colibri-id=\"3877-c22\" class=\"h-text h-text-component style-568 style-local-3877-c22 position-relative h-element\">\n                  <!---->\n                  <!---->\n                  <div class=\"\">\n                    <p>Bitte rufen Sie nicht an.<\/p>\n                  <\/div>\n                <\/div>\n              <\/div>\n            <\/div>\n          <\/div>\n          <div class=\"h-column h-column-container d-flex h-col-lg-3 h-col-md-3 h-col-12 style-569-outer style-local-3877-c23-outer\">\n            <div data-colibri-id=\"3877-c23\" class=\"d-flex h-flex-basis h-column__inner h-px-lg-3 h-px-md-3 h-px-2 v-inner-lg-3 v-inner-md-3 v-inner-2 style-569 style-local-3877-c23 position-relative\">\n              <!---->\n              <!---->\n              <div class=\"w-100 h-y-container h-column__content h-column__v-align flex-basis-100 align-self-lg-center align-self-md-center align-self-center\">\n                <!---->\n                <div data-colibri-id=\"3877-c24\" class=\"h-text h-text-component style-568 style-local-3877-c24 position-relative h-element\">\n                  <!---->\n                  <!---->\n                  <div class=\"\">\n                    <p>\n                      <br>\n                    <\/p>\n                    <p><span style=\"color: rgb(70, 112, 127); font-family: &quot;Open Sans&quot;; font-size: 16px; font-weight: 400;\">Wir melden uns auf Ihre Email innerhalb von wenigen Tagen (gerne auch telefonisch), wenn Sie eine Telefonnummer angeben.<\/span>\n                      <br>\n                    <\/p>\n                    <p><span style=\"color: rgb(70, 112, 127); font-family: &quot;Open Sans&quot;; font-size: 16px; font-weight: 400;\">welpen(@)schoko-toffees(dot)com<\/span><\/p>\n                  <\/div>\n                <\/div>\n              <\/div>\n            <\/div>\n          <\/div>\n        <\/div>\n      <\/div>\n    <\/div>\n  <\/div>\n<\/div>","protected":false},"excerpt":{"rendered":"<p>Lillis Welpen sind geboren! Wir freuen uns \u00fcber ein buntes Nest mit ein- und mehrfarbigen Welpen Wenn Sie Interesse an einem Welpen aus einem sp\u00e4teren Wurf (im Jahr 2027) haben, schreiben Sie uns bitte eine Email. Erz\u00e4hlen Sie etwas \u00fcber sich, Ihre Familie, Ihre berufliche T\u00e4tigkeit und warum es ein Cocker Spaniel sein soll. Bitte [&hellip;]<\/p>\n","protected":false},"author":17,"featured_media":0,"parent":0,"menu_order":0,"comment_status":"closed","ping_status":"closed","template":"page-templates\/full-width-page.php","meta":{"footnotes":""},"class_list":["post-3877","page","type-page","status-publish","hentry"],"_links":{"self":[{"href":"https:\/\/welpen.schoko-toffees.com\/index.php?rest_route=\/wp\/v2\/pages\/3877","targetHints":{"allow":["GET"]}}],"collection":[{"href":"https:\/\/welpen.schoko-toffees.com\/index.php?rest_route=\/wp\/v2\/pages"}],"about":[{"href":"https:\/\/welpen.schoko-toffees.com\/index.php?rest_route=\/wp\/v2\/types\/page"}],"author":[{"embeddable":true,"href":"https:\/\/welpen.schoko-toffees.com\/index.php?rest_route=\/wp\/v2\/users\/17"}],"replies":[{"embeddable":true,"href":"https:\/\/welpen.schoko-toffees.com\/index.php?rest_route=%2Fwp%2Fv2%2Fcomments&post=3877"}],"version-history":[{"count":20,"href":"https:\/\/welpen.schoko-toffees.com\/index.php?rest_route=\/wp\/v2\/pages\/3877\/revisions"}],"predecessor-version":[{"id":6015,"href":"https:\/\/welpen.schoko-toffees.com\/index.php?rest_route=\/wp\/v2\/pages\/3877\/revisions\/6015"}],"wp:attachment":[{"href":"https:\/\/welpen.schoko-toffees.com\/index.php?rest_route=%2Fwp%2Fv2%2Fmedia&parent=3877"}],"curies":[{"name":"wp","href":"https:\/\/api.w.org\/{rel}","templated":true}]}}