{"id":3891,"date":"2019-12-29T19:13:45","date_gmt":"2019-12-29T18:13:45","guid":{"rendered":"http:\/\/www.welpen.schoko-toffees.com\/?page_id=3891"},"modified":"2019-12-29T19:13:45","modified_gmt":"2019-12-29T18:13:45","slug":"rassestandard","status":"publish","type":"page","link":"https:\/\/welpen.schoko-toffees.com\/?page_id=3891","title":{"rendered":"Rassestandard"},"content":{"rendered":"<p style=\"text-align: left;\">&nbsp;<\/p>\n<p><strong>Allgemeines Erscheinungsbild<\/strong><\/p>\n<p>Der Cocker Spaniel ist fr\u00f6hlich, robust und sportlich, mit einem gut ausgewogenem und kompaktem K\u00f6rperbau. Er mi\u00dft vom Boden bis zum Wiedrrist fast gleich viel wie vom Wiederrist zur Schwanzwurzel.<\/p>\n<p><strong>Kopf und Sch\u00e4del<\/strong><\/p>\n<p>Der Sch\u00e4del ist gut entwickelt, klar gezeichnet und weder zu gro\u00df noch zu grob. Entsprechend dem sehr feinem Geruchssinn ist der Nasenspiegel gut entwickelt. Der Fang ist quadratisch, die Jochb\u00f6gen d\u00fcrfen nicht hervorstehen. Der Kiefer, mit Scherengebiss, ist kr\u00e4ftig.<\/p>\n<p><strong>Augen<\/strong><\/p>\n<p>Die Augen sollten gro\u00df und dunkel sein und einen fr\u00f6hlichen und sanften Eindruck vermitteln. Die Lieder m\u00fcssen straff sein.<\/p>\n<p><strong>Ohren<\/strong><\/p>\n<p>Die Ohren sollten tief angesetzt und hervorragend behaart sein.<\/p>\n<p><strong>Hals<\/strong><\/p>\n<p>Dieser sollte elegant aus den gut geneigten Schultern hervorgehen und eine m\u00e4\u00dfige L\u00e4nge aufweisen.<\/p>\n<p><strong>Vorderhand<\/strong><\/p>\n<p>Um den Eindruck von geballter Kraft zu geben, sollten die Vorderl\u00e4ufe von gutem Knochenbau und kurz sein. Jedoch nicht zu kurz, damit die Bewegung nicht erschwert wird.<\/p>\n<p><strong>K\u00f6rper<\/strong><\/p>\n<p>Der Knochenbau muss kr\u00e4ftig und kompakt sein. Der Brustkorb gut entwickelt und tief und harmonisch die Vorbrust, die weder zu breit noch zu schmal sein sollte. Die Rippen sind gut gew\u00f6lbt, der Lendenbereich ist kurz und kr\u00e4ftig und die R\u00fcckenlinie ist in Richtung Rute ganz leicht abfallend.<\/p>\n<p><strong>Gr\u00f6\u00dfe und Gewicht<\/strong><\/p>\n<p>H\u00f6he am Wiederrist beim R\u00fcden: 39-41 cm, bei der H\u00fcndin: 38-39 cm. Das Gewicht entspricht dem K\u00f6rperbau und liegt zwischen 12 und 15 kg.<\/p>\n<p><strong>Rute<\/strong><\/p>\n<p>Die Rute ist im Verh\u00e4ltnis zur R\u00fcckenlinie etwas tiefer angesetzt und mu\u00df auf gleicher Linie wie die R\u00fcckenlinie getragen werden.<\/p>\n<p><strong>Hinterhand<\/strong><\/p>\n<p>Muskul\u00f6se und weit abgerundete Erscheinung. Die L\u00e4ufe mit kr\u00e4ftigem Knochenbau, gut gewinkelt mit kurzem Hintermittlfu\u00df um dem Hund einen ausgezeichneten Antrieb zu geben.<\/p>\n<p><strong>Gangwerk<\/strong><\/p>\n<p>Schub und Raumgriff sind die Merkmale eines einwandfreien Ganges.<\/p>\n<p><strong>Pfoten<\/strong><\/p>\n<p>Derb, rund und mit dicken Ballen.<\/p>\n<p><strong>Behaarung<\/strong><\/p>\n<p>Das Haar ist glatt, von seidiger Struktur. Niemals hart oder gewellt. Mit gen\u00fcgend langen Beh\u00e4ngen, die nie zu reichlich oder gelockt sein d\u00fcrfen.<\/p>\n<p><strong>Farbe<\/strong><\/p>\n<p>einfarbig: braun, braun mit loh, schwarz, scharz mit loh, rot&nbsp; &#8211; wei\u00df ist nur an der Vorbrust erlaubt.<\/p>\n<p>mehrfahrbig: schwarz &#8211; wei\u00df, braun &#8211; wei\u00df, blauschimmel, braunschimmel, orangeschimmel, tricolor<\/p>\n","protected":false},"excerpt":{"rendered":"<p>&nbsp; Allgemeines Erscheinungsbild Der Cocker Spaniel ist fr\u00f6hlich, robust und sportlich, mit einem gut ausgewogenem und kompaktem K\u00f6rperbau. Er mi\u00dft vom Boden bis zum Wiedrrist fast gleich viel wie vom Wiederrist zur Schwanzwurzel. Kopf und Sch\u00e4del Der Sch\u00e4del ist gut entwickelt, klar gezeichnet und weder zu gro\u00df noch zu grob. Entsprechend dem sehr feinem Geruchssinn [&hellip;]<\/p>\n","protected":false},"author":17,"featured_media":0,"parent":0,"menu_order":0,"comment_status":"closed","ping_status":"closed","template":"","meta":{"footnotes":""},"class_list":["post-3891","page","type-page","status-publish","hentry"],"_links":{"self":[{"href":"https:\/\/welpen.schoko-toffees.com\/index.php?rest_route=\/wp\/v2\/pages\/3891","targetHints":{"allow":["GET"]}}],"collection":[{"href":"https:\/\/welpen.schoko-toffees.com\/index.php?rest_route=\/wp\/v2\/pages"}],"about":[{"href":"https:\/\/welpen.schoko-toffees.com\/index.php?rest_route=\/wp\/v2\/types\/page"}],"author":[{"embeddable":true,"href":"https:\/\/welpen.schoko-toffees.com\/index.php?rest_route=\/wp\/v2\/users\/17"}],"replies":[{"embeddable":true,"href":"https:\/\/welpen.schoko-toffees.com\/index.php?rest_route=%2Fwp%2Fv2%2Fcomments&post=3891"}],"version-history":[{"count":1,"href":"https:\/\/welpen.schoko-toffees.com\/index.php?rest_route=\/wp\/v2\/pages\/3891\/revisions"}],"predecessor-version":[{"id":3894,"href":"https:\/\/welpen.schoko-toffees.com\/index.php?rest_route=\/wp\/v2\/pages\/3891\/revisions\/3894"}],"wp:attachment":[{"href":"https:\/\/welpen.schoko-toffees.com\/index.php?rest_route=%2Fwp%2Fv2%2Fmedia&parent=3891"}],"curies":[{"name":"wp","href":"https:\/\/api.w.org\/{rel}","templated":true}]}}