{"id":3899,"date":"2019-12-29T19:21:12","date_gmt":"2019-12-29T18:21:12","guid":{"rendered":"http:\/\/www.welpen.schoko-toffees.com\/?page_id=3899"},"modified":"2026-01-07T08:20:40","modified_gmt":"2026-01-07T07:20:40","slug":"pflege","status":"publish","type":"page","link":"https:\/\/welpen.schoko-toffees.com\/?page_id=3899","title":{"rendered":"Pflege"},"content":{"rendered":"<p>&nbsp;<\/p>\n<div>\n<article class=\"art-post\">\n<div class=\"art-postcontent clearfix\">\n<div class=\"art-article\">\n<p>&#8230;&#8230;. ist wichtig und aufw\u00e4ndig.<\/p>\n<p>Das optisch auff\u00e4lligste Merkmal eines Cocker Spaniels ist sein sch\u00f6nes Haarkleid. Dies erh\u00e4lt man jedoch nur durch eine regelm\u00e4\u00dfige Pflege. Darum ist es sehr wichtig den Cocker Spaniel fr\u00fchzeitig an das t\u00e4gliche B\u00fcrsten zu gew\u00f6hnen.<\/p>\n<p>Das seidige, glatte und kurze Fell des Welpen ver\u00e4ndert sich im Laufe der Zeit. Im Alter von 6-9 Monaten haben Sie eher den Eindruck einen kleinen Wollb\u00e4ren in die Familie aufgenommen zu haben.<\/p>\n<p><img loading=\"lazy\" decoding=\"async\" class=\"size-medium wp-image-4041 alignleft\" src=\"http:\/\/www.welpen.schoko-toffees.com\/wp-content\/uploads\/2020\/01\/cocker-spanielwollbr-300x201.jpg\" alt=\"\" width=\"300\" height=\"201\" srcset=\"https:\/\/welpen.schoko-toffees.com\/wp-content\/uploads\/2020\/01\/cocker-spanielwollbr-300x201.jpg 300w, https:\/\/welpen.schoko-toffees.com\/wp-content\/uploads\/2020\/01\/cocker-spanielwollbr.jpg 700w\" sizes=\"auto, (max-width: 300px) 100vw, 300px\" \/><\/p>\n<p><img loading=\"lazy\" decoding=\"async\" class=\"size-medium wp-image-4042 alignleft\" src=\"http:\/\/www.welpen.schoko-toffees.com\/wp-content\/uploads\/2020\/01\/dscf2577-300x225.jpg\" alt=\"\" width=\"300\" height=\"225\" srcset=\"https:\/\/welpen.schoko-toffees.com\/wp-content\/uploads\/2020\/01\/dscf2577-300x225.jpg 300w, https:\/\/welpen.schoko-toffees.com\/wp-content\/uploads\/2020\/01\/dscf2577-1024x768.jpg 1024w, https:\/\/welpen.schoko-toffees.com\/wp-content\/uploads\/2020\/01\/dscf2577-1536x1152.jpg 1536w, https:\/\/welpen.schoko-toffees.com\/wp-content\/uploads\/2020\/01\/dscf2577-2048x1536.jpg 2048w\" sizes=\"auto, (max-width: 300px) 100vw, 300px\" \/><\/p>\n<p>&nbsp;<\/p>\n<\/div>\n<\/div>\n<\/article>\n<\/div>\n<div>\n<article class=\"art-post\">\n<div class=\"art-postcontent clearfix\">\n<div class=\"art-article\">\n<p>Ein fachgerechtes Trimmen kann da Wunder wirken und aus einem Wollb\u00e4ren wird ein sch\u00f6ner Cocker \u00a0Spaniel<\/p>\n<p><img loading=\"lazy\" decoding=\"async\" class=\"wp-image-4225 alignleft\" src=\"https:\/\/welpen.schoko-toffees.com\/wp-content\/uploads\/2020\/07\/IMG_4239-scaled.jpg\" alt=\"\" width=\"298\" height=\"240\" srcset=\"https:\/\/welpen.schoko-toffees.com\/wp-content\/uploads\/2020\/07\/IMG_4239-scaled.jpg 2560w, https:\/\/welpen.schoko-toffees.com\/wp-content\/uploads\/2020\/07\/IMG_4239-300x243.jpg 300w, https:\/\/welpen.schoko-toffees.com\/wp-content\/uploads\/2020\/07\/IMG_4239-1024x828.jpg 1024w, https:\/\/welpen.schoko-toffees.com\/wp-content\/uploads\/2020\/07\/IMG_4239-1536x1242.jpg 1536w, https:\/\/welpen.schoko-toffees.com\/wp-content\/uploads\/2020\/07\/IMG_4239-2048x1656.jpg 2048w\" sizes=\"auto, (max-width: 298px) 100vw, 298px\" \/><\/p>\n<p>Gew\u00f6hnen Sie Ihren Welpen rechtzeitig an die Fellpflege. Wenn Sie ein eingespieltes Team sind, wird Ihr Hund es bald sogar genie\u00dfen.<\/p>\n<p>Wenn Sie sich das fachgerechte Trimmen nicht zutrauen, fragen Sie den Z\u00fcchter ihres Welpen, oder gehen Sie in einen Trimmsalon. Bitte sprechen Sie sich gut mit dem Personal ab, denn einem Cocker Spaniel sollte niemals mit einer Schermaschine das Fell geschnitten werden. Achten Sie darauf einen Groomer zu finden, der Ihren Cocker standardgerecht trimmt.<\/p>\n<p>&nbsp;<\/p>\n<\/div>\n<\/div>\n<\/article>\n<\/div>\n","protected":false},"excerpt":{"rendered":"<p>&nbsp; &#8230;&#8230;. ist wichtig und aufw\u00e4ndig. Das optisch auff\u00e4lligste Merkmal eines Cocker Spaniels ist sein sch\u00f6nes Haarkleid. Dies erh\u00e4lt man jedoch nur durch eine regelm\u00e4\u00dfige Pflege. Darum ist es sehr wichtig den Cocker Spaniel fr\u00fchzeitig an das t\u00e4gliche B\u00fcrsten zu gew\u00f6hnen. Das seidige, glatte und kurze Fell des Welpen ver\u00e4ndert sich im Laufe der Zeit. [&hellip;]<\/p>\n","protected":false},"author":17,"featured_media":0,"parent":0,"menu_order":0,"comment_status":"closed","ping_status":"closed","template":"","meta":{"footnotes":""},"class_list":["post-3899","page","type-page","status-publish","hentry"],"_links":{"self":[{"href":"https:\/\/welpen.schoko-toffees.com\/index.php?rest_route=\/wp\/v2\/pages\/3899","targetHints":{"allow":["GET"]}}],"collection":[{"href":"https:\/\/welpen.schoko-toffees.com\/index.php?rest_route=\/wp\/v2\/pages"}],"about":[{"href":"https:\/\/welpen.schoko-toffees.com\/index.php?rest_route=\/wp\/v2\/types\/page"}],"author":[{"embeddable":true,"href":"https:\/\/welpen.schoko-toffees.com\/index.php?rest_route=\/wp\/v2\/users\/17"}],"replies":[{"embeddable":true,"href":"https:\/\/welpen.schoko-toffees.com\/index.php?rest_route=%2Fwp%2Fv2%2Fcomments&post=3899"}],"version-history":[{"count":11,"href":"https:\/\/welpen.schoko-toffees.com\/index.php?rest_route=\/wp\/v2\/pages\/3899\/revisions"}],"predecessor-version":[{"id":5316,"href":"https:\/\/welpen.schoko-toffees.com\/index.php?rest_route=\/wp\/v2\/pages\/3899\/revisions\/5316"}],"wp:attachment":[{"href":"https:\/\/welpen.schoko-toffees.com\/index.php?rest_route=%2Fwp%2Fv2%2Fmedia&parent=3899"}],"curies":[{"name":"wp","href":"https:\/\/api.w.org\/{rel}","templated":true}]}}